{"id":386,"date":"2025-03-24T17:17:42","date_gmt":"2025-03-24T16:17:42","guid":{"rendered":"https:\/\/brasserie-wonderland.fr\/?page_id=386"},"modified":"2026-01-23T11:58:00","modified_gmt":"2026-01-23T10:58:00","slug":"accueil","status":"publish","type":"page","link":"https:\/\/brasserie-wonderland.fr\/","title":{"rendered":"Accueil"},"content":{"rendered":"\t\t<div data-elementor-type=\"wp-page\" data-elementor-id=\"386\" class=\"elementor elementor-386\">\n\t\t\t\t<div class=\"elementor-element elementor-element-2e4550f e-flex e-con-boxed e-con e-parent\" data-id=\"2e4550f\" data-element_type=\"container\" data-settings=\"{&quot;background_background&quot;:&quot;classic&quot;}\">\n\t\t\t\t\t<div class=\"e-con-inner\">\n\t\t<div class=\"elementor-element elementor-element-8f5c065 e-flex e-con-boxed e-con e-child\" data-id=\"8f5c065\" data-element_type=\"container\" data-settings=\"{&quot;background_background&quot;:&quot;classic&quot;}\">\n\t\t\t\t\t<div class=\"e-con-inner\">\n\t\t\t\t<div class=\"elementor-element elementor-element-950a4c2 elementor-widget elementor-widget-button\" data-id=\"950a4c2\" data-element_type=\"widget\" data-widget_type=\"button.default\">\n\t\t\t\t<div class=\"elementor-widget-container\">\n\t\t\t\t\t\t\t\t\t<div class=\"elementor-button-wrapper\">\n\t\t\t\t\t<a class=\"elementor-button elementor-button-link elementor-size-sm\" href=\"#nous-contacter\">\n\t\t\t\t\t\t<span class=\"elementor-button-content-wrapper\">\n\t\t\t\t\t\t\t\t\t<span class=\"elementor-button-text\">Nous contacter<\/span>\n\t\t\t\t\t<\/span>\n\t\t\t\t\t<\/a>\n\t\t\t\t<\/div>\n\t\t\t\t\t\t\t\t<\/div>\n\t\t\t\t<\/div>\n\t\t\t\t<div class=\"elementor-element elementor-element-9570a1e elementor-widget elementor-widget-button\" data-id=\"9570a1e\" data-element_type=\"widget\" data-widget_type=\"button.default\">\n\t\t\t\t<div class=\"elementor-widget-container\">\n\t\t\t\t\t\t\t\t\t<div class=\"elementor-button-wrapper\">\n\t\t\t\t\t<a class=\"elementor-button elementor-button-link elementor-size-sm\" href=\"#location-tireuse\">\n\t\t\t\t\t\t<span class=\"elementor-button-content-wrapper\">\n\t\t\t\t\t\t\t\t\t<span class=\"elementor-button-text\">Location de tireuse<\/span>\n\t\t\t\t\t<\/span>\n\t\t\t\t\t<\/a>\n\t\t\t\t<\/div>\n\t\t\t\t\t\t\t\t<\/div>\n\t\t\t\t<\/div>\n\t\t\t\t<div class=\"elementor-element elementor-element-79d97a2 elementor-align-center elementor-mobile-align-right elementor-widget elementor-widget-button\" data-id=\"79d97a2\" data-element_type=\"widget\" data-widget_type=\"button.default\">\n\t\t\t\t<div class=\"elementor-widget-container\">\n\t\t\t\t\t\t\t\t\t<div class=\"elementor-button-wrapper\">\n\t\t\t\t\t<a class=\"elementor-button elementor-button-link elementor-size-sm\" href=\"#nos-bieres\">\n\t\t\t\t\t\t<span class=\"elementor-button-content-wrapper\">\n\t\t\t\t\t\t\t\t\t<span class=\"elementor-button-text\">Nos bi\u00e8res<\/span>\n\t\t\t\t\t<\/span>\n\t\t\t\t\t<\/a>\n\t\t\t\t<\/div>\n\t\t\t\t\t\t\t\t<\/div>\n\t\t\t\t<\/div>\n\t\t\t\t\t<\/div>\n\t\t\t\t<\/div>\n\t\t\t\t<div class=\"elementor-element elementor-element-54a0600 elementor-widget elementor-widget-image\" data-id=\"54a0600\" data-element_type=\"widget\" data-widget_type=\"image.default\">\n\t\t\t\t<div class=\"elementor-widget-container\">\n\t\t\t\t\t\t\t\t\t\t\t\t\t\t\t<img fetchpriority=\"high\" decoding=\"async\" width=\"2048\" height=\"900\" src=\"https:\/\/brasserie-wonderland.fr\/wp-content\/uploads\/2025\/03\/Design-sans-titre-7-1-2048x900.png\" class=\"attachment-2048x2048 size-2048x2048 wp-image-509\" alt=\"\" srcset=\"https:\/\/brasserie-wonderland.fr\/wp-content\/uploads\/2025\/03\/Design-sans-titre-7-1-2048x900.png 2048w, https:\/\/brasserie-wonderland.fr\/wp-content\/uploads\/2025\/03\/Design-sans-titre-7-1-300x132.png 300w, https:\/\/brasserie-wonderland.fr\/wp-content\/uploads\/2025\/03\/Design-sans-titre-7-1-1024x450.png 1024w, https:\/\/brasserie-wonderland.fr\/wp-content\/uploads\/2025\/03\/Design-sans-titre-7-1-768x338.png 768w, https:\/\/brasserie-wonderland.fr\/wp-content\/uploads\/2025\/03\/Design-sans-titre-7-1-1536x675.png 1536w\" sizes=\"(max-width: 2048px) 100vw, 2048px\" \/>\t\t\t\t\t\t\t\t\t\t\t\t\t\t\t<\/div>\n\t\t\t\t<\/div>\n\t\t\t\t\t<\/div>\n\t\t\t\t<\/div>\n\t\t<div class=\"elementor-element elementor-element-1b211dd e-flex e-con-boxed e-con e-parent\" data-id=\"1b211dd\" data-element_type=\"container\">\n\t\t\t\t\t<div class=\"e-con-inner\">\n\t\t\t\t<div class=\"elementor-element elementor-element-0c9ab81 elementor-widget elementor-widget-heading\" data-id=\"0c9ab81\" data-element_type=\"widget\" data-widget_type=\"heading.default\">\n\t\t\t\t<div class=\"elementor-widget-container\">\n\t\t\t\t\t<h2 class=\"elementor-heading-title elementor-size-default\">Bienvenue au Pays des Merveilles houblonn\u00e9es<\/h2>\t\t\t\t<\/div>\n\t\t\t\t<\/div>\n\t\t\t\t\t<\/div>\n\t\t\t\t<\/div>\n\t\t<div class=\"elementor-element elementor-element-fca0eb0 e-flex e-con-boxed e-con e-parent\" data-id=\"fca0eb0\" data-element_type=\"container\">\n\t\t\t\t\t<div class=\"e-con-inner\">\n\t\t\t\t<div class=\"elementor-element elementor-element-ed4b4e6 elementor-widget elementor-widget-text-editor\" data-id=\"ed4b4e6\" data-element_type=\"widget\" data-widget_type=\"text-editor.default\">\n\t\t\t\t<div class=\"elementor-widget-container\">\n\t\t\t\t\t\t\t\t\t<p>Bi\u00e8res artisanales brass\u00e9es avec curiosit\u00e9 et malice<\/p>\t\t\t\t\t\t\t\t<\/div>\n\t\t\t\t<\/div>\n\t\t\t\t\t<\/div>\n\t\t\t\t<\/div>\n\t\t<div class=\"elementor-element elementor-element-68dd738 e-flex e-con-boxed e-con e-parent\" data-id=\"68dd738\" data-element_type=\"container\">\n\t\t\t\t\t<div class=\"e-con-inner\">\n\t\t\t\t<div class=\"elementor-element elementor-element-de7ae7f elementor-align-center elementor-widget elementor-widget-button\" data-id=\"de7ae7f\" data-element_type=\"widget\" data-widget_type=\"button.default\">\n\t\t\t\t<div class=\"elementor-widget-container\">\n\t\t\t\t\t\t\t\t\t<div class=\"elementor-button-wrapper\">\n\t\t\t\t\t<a class=\"elementor-button elementor-button-link elementor-size-sm\" href=\"#nos-bieres\">\n\t\t\t\t\t\t<span class=\"elementor-button-content-wrapper\">\n\t\t\t\t\t\t\t\t\t<span class=\"elementor-button-text\">D\u00e9couvrir nos bi\u00e8res<\/span>\n\t\t\t\t\t<\/span>\n\t\t\t\t\t<\/a>\n\t\t\t\t<\/div>\n\t\t\t\t\t\t\t\t<\/div>\n\t\t\t\t<\/div>\n\t\t\t\t\t<\/div>\n\t\t\t\t<\/div>\n\t\t<div class=\"elementor-element elementor-element-e08725a e-grid e-con-boxed e-con e-parent\" data-id=\"e08725a\" data-element_type=\"container\">\n\t\t\t\t\t<div class=\"e-con-inner\">\n\t\t\t\t<div class=\"elementor-element elementor-element-b560920 elementor-widget elementor-widget-image\" data-id=\"b560920\" data-element_type=\"widget\" data-widget_type=\"image.default\">\n\t\t\t\t<div class=\"elementor-widget-container\">\n\t\t\t\t\t\t\t\t\t\t\t\t\t\t\t<img decoding=\"async\" width=\"750\" height=\"1000\" src=\"https:\/\/brasserie-wonderland.fr\/wp-content\/uploads\/2025\/03\/IMG_20250302_145758-768x1024.jpg\" class=\"attachment-large size-large wp-image-523\" alt=\"\" srcset=\"https:\/\/brasserie-wonderland.fr\/wp-content\/uploads\/2025\/03\/IMG_20250302_145758-768x1024.jpg 768w, https:\/\/brasserie-wonderland.fr\/wp-content\/uploads\/2025\/03\/IMG_20250302_145758-225x300.jpg 225w, https:\/\/brasserie-wonderland.fr\/wp-content\/uploads\/2025\/03\/IMG_20250302_145758-1152x1536.jpg 1152w, https:\/\/brasserie-wonderland.fr\/wp-content\/uploads\/2025\/03\/IMG_20250302_145758-1536x2048.jpg 1536w, https:\/\/brasserie-wonderland.fr\/wp-content\/uploads\/2025\/03\/IMG_20250302_145758-scaled.jpg 1920w\" sizes=\"(max-width: 750px) 100vw, 750px\" \/>\t\t\t\t\t\t\t\t\t\t\t\t\t\t\t<\/div>\n\t\t\t\t<\/div>\n\t\t\t\t<div class=\"elementor-element elementor-element-00b9173 elementor-widget elementor-widget-image\" data-id=\"00b9173\" data-element_type=\"widget\" data-widget_type=\"image.default\">\n\t\t\t\t<div class=\"elementor-widget-container\">\n\t\t\t\t\t\t\t\t\t\t\t\t\t\t\t<img decoding=\"async\" width=\"750\" height=\"1000\" src=\"https:\/\/brasserie-wonderland.fr\/wp-content\/uploads\/2025\/03\/IMG_20250302_081715-768x1024.jpg\" class=\"attachment-large size-large wp-image-522\" alt=\"\" srcset=\"https:\/\/brasserie-wonderland.fr\/wp-content\/uploads\/2025\/03\/IMG_20250302_081715-768x1024.jpg 768w, https:\/\/brasserie-wonderland.fr\/wp-content\/uploads\/2025\/03\/IMG_20250302_081715-225x300.jpg 225w, https:\/\/brasserie-wonderland.fr\/wp-content\/uploads\/2025\/03\/IMG_20250302_081715-1152x1536.jpg 1152w, https:\/\/brasserie-wonderland.fr\/wp-content\/uploads\/2025\/03\/IMG_20250302_081715-1536x2048.jpg 1536w, https:\/\/brasserie-wonderland.fr\/wp-content\/uploads\/2025\/03\/IMG_20250302_081715-scaled.jpg 1920w\" sizes=\"(max-width: 750px) 100vw, 750px\" \/>\t\t\t\t\t\t\t\t\t\t\t\t\t\t\t<\/div>\n\t\t\t\t<\/div>\n\t\t\t\t<div class=\"elementor-element elementor-element-021d2a1 elementor-widget elementor-widget-image\" data-id=\"021d2a1\" data-element_type=\"widget\" data-widget_type=\"image.default\">\n\t\t\t\t<div class=\"elementor-widget-container\">\n\t\t\t\t\t\t\t\t\t\t\t\t\t\t\t<img loading=\"lazy\" decoding=\"async\" width=\"750\" height=\"1000\" src=\"https:\/\/brasserie-wonderland.fr\/wp-content\/uploads\/2025\/03\/IMG_20250302_074653-3-768x1024.jpg\" class=\"attachment-large size-large wp-image-532\" alt=\"\" srcset=\"https:\/\/brasserie-wonderland.fr\/wp-content\/uploads\/2025\/03\/IMG_20250302_074653-3-768x1024.jpg 768w, https:\/\/brasserie-wonderland.fr\/wp-content\/uploads\/2025\/03\/IMG_20250302_074653-3-225x300.jpg 225w, https:\/\/brasserie-wonderland.fr\/wp-content\/uploads\/2025\/03\/IMG_20250302_074653-3-1152x1536.jpg 1152w, https:\/\/brasserie-wonderland.fr\/wp-content\/uploads\/2025\/03\/IMG_20250302_074653-3-1536x2048.jpg 1536w, https:\/\/brasserie-wonderland.fr\/wp-content\/uploads\/2025\/03\/IMG_20250302_074653-3-scaled.jpg 1920w\" sizes=\"(max-width: 750px) 100vw, 750px\" \/>\t\t\t\t\t\t\t\t\t\t\t\t\t\t\t<\/div>\n\t\t\t\t<\/div>\n\t\t\t\t\t<\/div>\n\t\t\t\t<\/div>\n\t\t<div class=\"elementor-element elementor-element-cc83ef6 e-flex e-con-boxed e-con e-parent\" data-id=\"cc83ef6\" data-element_type=\"container\" id=\"nos-bieres\">\n\t\t\t\t\t<div class=\"e-con-inner\">\n\t\t\t\t<div class=\"elementor-element elementor-element-1982c1e elementor-widget elementor-widget-heading\" data-id=\"1982c1e\" data-element_type=\"widget\" data-widget_type=\"heading.default\">\n\t\t\t\t<div class=\"elementor-widget-container\">\n\t\t\t\t\t<h2 class=\"elementor-heading-title elementor-size-default\">Nos Bi\u00e8res Sorties du Terrier<\/h2>\t\t\t\t<\/div>\n\t\t\t\t<\/div>\n\t\t<div class=\"elementor-element elementor-element-7c34576 e-grid e-con-full e-con e-child\" data-id=\"7c34576\" data-element_type=\"container\">\n\t\t<div class=\"elementor-element elementor-element-6f2e0af e-con-full e-flex e-con e-child\" data-id=\"6f2e0af\" data-element_type=\"container\" data-settings=\"{&quot;background_background&quot;:&quot;classic&quot;}\">\n\t\t\t\t<div class=\"elementor-element elementor-element-718f680 elementor-widget elementor-widget-image\" data-id=\"718f680\" data-element_type=\"widget\" data-widget_type=\"image.default\">\n\t\t\t\t<div class=\"elementor-widget-container\">\n\t\t\t\t\t\t\t\t\t\t\t\t\t\t\t<img loading=\"lazy\" decoding=\"async\" width=\"300\" height=\"300\" src=\"https:\/\/brasserie-wonderland.fr\/wp-content\/uploads\/2025\/03\/IPA-300x300.png\" class=\"attachment-medium size-medium wp-image-538\" alt=\"\" srcset=\"https:\/\/brasserie-wonderland.fr\/wp-content\/uploads\/2025\/03\/IPA-300x300.png 300w, https:\/\/brasserie-wonderland.fr\/wp-content\/uploads\/2025\/03\/IPA-150x150.png 150w, https:\/\/brasserie-wonderland.fr\/wp-content\/uploads\/2025\/03\/IPA-768x768.png 768w, https:\/\/brasserie-wonderland.fr\/wp-content\/uploads\/2025\/03\/IPA.png 1024w\" sizes=\"(max-width: 300px) 100vw, 300px\" \/>\t\t\t\t\t\t\t\t\t\t\t\t\t\t\t<\/div>\n\t\t\t\t<\/div>\n\t\t\t\t<div class=\"elementor-element elementor-element-8dcdb5f elementor-widget elementor-widget-heading\" data-id=\"8dcdb5f\" data-element_type=\"widget\" data-widget_type=\"heading.default\">\n\t\t\t\t<div class=\"elementor-widget-container\">\n\t\t\t\t\t<h2 class=\"elementor-heading-title elementor-size-default\">Cheshire HOP<\/h2>\t\t\t\t<\/div>\n\t\t\t\t<\/div>\n\t\t\t\t<div class=\"elementor-element elementor-element-832846f elementor-widget elementor-widget-text-editor\" data-id=\"832846f\" data-element_type=\"widget\" data-widget_type=\"text-editor.default\">\n\t\t\t\t<div class=\"elementor-widget-container\">\n\t\t\t\t\t\t\t\t\t<p><em>Une bi\u00e8re IPA malicieusement florale &#8230;<\/em><\/p>\n<p>5,6% vol. Amertume douce, finale fruit\u00e9e<\/p>\t\t\t\t\t\t\t\t<\/div>\n\t\t\t\t<\/div>\n\t\t\t\t<\/div>\n\t\t<div class=\"elementor-element elementor-element-3570b64 e-con-full e-flex e-con e-child\" data-id=\"3570b64\" data-element_type=\"container\" data-settings=\"{&quot;background_background&quot;:&quot;classic&quot;}\">\n\t\t\t\t<div class=\"elementor-element elementor-element-1355838 elementor-widget elementor-widget-image\" data-id=\"1355838\" data-element_type=\"widget\" data-widget_type=\"image.default\">\n\t\t\t\t<div class=\"elementor-widget-container\">\n\t\t\t\t\t\t\t\t\t\t\t\t\t\t\t<img loading=\"lazy\" decoding=\"async\" width=\"300\" height=\"300\" src=\"https:\/\/brasserie-wonderland.fr\/wp-content\/uploads\/2025\/03\/3-2-300x300.png\" class=\"attachment-medium size-medium wp-image-539\" alt=\"\" srcset=\"https:\/\/brasserie-wonderland.fr\/wp-content\/uploads\/2025\/03\/3-2-300x300.png 300w, https:\/\/brasserie-wonderland.fr\/wp-content\/uploads\/2025\/03\/3-2-1024x1024.png 1024w, https:\/\/brasserie-wonderland.fr\/wp-content\/uploads\/2025\/03\/3-2-150x150.png 150w, https:\/\/brasserie-wonderland.fr\/wp-content\/uploads\/2025\/03\/3-2-768x768.png 768w, https:\/\/brasserie-wonderland.fr\/wp-content\/uploads\/2025\/03\/3-2.png 1063w\" sizes=\"(max-width: 300px) 100vw, 300px\" \/>\t\t\t\t\t\t\t\t\t\t\t\t\t\t\t<\/div>\n\t\t\t\t<\/div>\n\t\t\t\t<div class=\"elementor-element elementor-element-8b16e38 elementor-widget elementor-widget-heading\" data-id=\"8b16e38\" data-element_type=\"widget\" data-widget_type=\"heading.default\">\n\t\t\t\t<div class=\"elementor-widget-container\">\n\t\t\t\t\t<h2 class=\"elementor-heading-title elementor-size-default\">White Rabbit<\/h2>\t\t\t\t<\/div>\n\t\t\t\t<\/div>\n\t\t\t\t<div class=\"elementor-element elementor-element-0d10fa9 elementor-widget elementor-widget-text-editor\" data-id=\"0d10fa9\" data-element_type=\"widget\" data-widget_type=\"text-editor.default\">\n\t\t\t\t<div class=\"elementor-widget-container\">\n\t\t\t\t\t\t\t\t\t<p><em>Une bi\u00e8re blanche l\u00e9g\u00e8re et vive &#8230;<\/em><\/p><p>5,5% vol. Bl\u00e9, effet zest\u00e9<\/p>\t\t\t\t\t\t\t\t<\/div>\n\t\t\t\t<\/div>\n\t\t\t\t<\/div>\n\t\t\t\t<\/div>\n\t\t\t\t\t<\/div>\n\t\t\t\t<\/div>\n\t\t<div class=\"elementor-element elementor-element-fa4a89e e-flex e-con-boxed e-con e-parent\" data-id=\"fa4a89e\" data-element_type=\"container\" id=\"location-tireuse\">\n\t\t\t\t\t<div class=\"e-con-inner\">\n\t\t\t\t<div class=\"elementor-element elementor-element-b2917da elementor-widget elementor-widget-heading\" data-id=\"b2917da\" data-element_type=\"widget\" data-widget_type=\"heading.default\">\n\t\t\t\t<div class=\"elementor-widget-container\">\n\t\t\t\t\t<h2 class=\"elementor-heading-title elementor-size-default\">Location de tireuse \u00e0 bi\u00e8re<\/h2>\t\t\t\t<\/div>\n\t\t\t\t<\/div>\n\t\t<div class=\"elementor-element elementor-element-a05bd7d e-grid e-con-full e-con e-child\" data-id=\"a05bd7d\" data-element_type=\"container\">\n\t\t<div class=\"elementor-element elementor-element-5e3f51d e-con-full e-flex e-con e-child\" data-id=\"5e3f51d\" data-element_type=\"container\" data-settings=\"{&quot;background_background&quot;:&quot;classic&quot;}\">\n\t\t\t\t<div class=\"elementor-element elementor-element-6f5190d elementor-widget elementor-widget-heading\" data-id=\"6f5190d\" data-element_type=\"widget\" data-widget_type=\"heading.default\">\n\t\t\t\t<div class=\"elementor-widget-container\">\n\t\t\t\t\t<h4 class=\"elementor-heading-title elementor-size-default\">Louez une tireuse \u00e0 bi\u00e8re pour vos \u00e9v\u00e8nements<\/h4>\t\t\t\t<\/div>\n\t\t\t\t<\/div>\n\t\t\t\t<div class=\"elementor-element elementor-element-4ea14fc elementor-widget elementor-widget-text-editor\" data-id=\"4ea14fc\" data-element_type=\"widget\" data-widget_type=\"text-editor.default\">\n\t\t\t\t<div class=\"elementor-widget-container\">\n\t\t\t\t\t\t\t\t\t<p>Mariage, anniversaire, afterwork &#8230;. La brasserie Wonderland vous propose la pression maison !\u00a0<\/p>\t\t\t\t\t\t\t\t<\/div>\n\t\t\t\t<\/div>\n\t\t\t\t<div class=\"elementor-element elementor-element-c26c8f1 elementor-widget elementor-widget-text-editor\" data-id=\"c26c8f1\" data-element_type=\"widget\" data-widget_type=\"text-editor.default\">\n\t\t\t\t<div class=\"elementor-widget-container\">\n\t\t\t\t\t\t\t\t\t<p>Modalit\u00e9s:\u00a0<\/p><ul><li>R\u00e9servation par t\u00e9l\u00e9phone 06 25 32 82 92 ou mail contact@brasserie-wonderland.fr<\/li><li>Choix de la bi\u00e8re en f\u00fbts 20L<\/li><li>Pr\u00eat du mat\u00e9riel (tireuse 1 bec et CO2), avec caution par ch\u00e8que<\/li><li>Tout f\u00fbt entam\u00e9 est d\u00fb (consigne rendue au retour du f\u00fbt)<\/li><\/ul>\t\t\t\t\t\t\t\t<\/div>\n\t\t\t\t<\/div>\n\t\t\t\t<\/div>\n\t\t\t\t<div class=\"elementor-element elementor-element-be7a016 elementor-widget elementor-widget-image\" data-id=\"be7a016\" data-element_type=\"widget\" data-widget_type=\"image.default\">\n\t\t\t\t<div class=\"elementor-widget-container\">\n\t\t\t\t\t\t\t\t\t\t\t\t\t\t\t<img loading=\"lazy\" decoding=\"async\" width=\"698\" height=\"465\" src=\"https:\/\/brasserie-wonderland.fr\/wp-content\/uploads\/2025\/03\/une-tireuse-a-biere.jpg\" class=\"attachment-large size-large wp-image-550\" alt=\"\" srcset=\"https:\/\/brasserie-wonderland.fr\/wp-content\/uploads\/2025\/03\/une-tireuse-a-biere.jpg 698w, https:\/\/brasserie-wonderland.fr\/wp-content\/uploads\/2025\/03\/une-tireuse-a-biere-300x200.jpg 300w, https:\/\/brasserie-wonderland.fr\/wp-content\/uploads\/2025\/03\/une-tireuse-a-biere-360x240.jpg 360w\" sizes=\"(max-width: 698px) 100vw, 698px\" \/>\t\t\t\t\t\t\t\t\t\t\t\t\t\t\t<\/div>\n\t\t\t\t<\/div>\n\t\t\t\t<\/div>\n\t\t\t\t\t<\/div>\n\t\t\t\t<\/div>\n\t\t<div class=\"elementor-element elementor-element-92bf2ce e-flex e-con-boxed e-con e-parent\" data-id=\"92bf2ce\" data-element_type=\"container\" id=\"nous-contacter\">\n\t\t\t\t\t<div class=\"e-con-inner\">\n\t\t\t\t<div class=\"elementor-element elementor-element-beef949 elementor-widget elementor-widget-heading\" data-id=\"beef949\" data-element_type=\"widget\" data-widget_type=\"heading.default\">\n\t\t\t\t<div class=\"elementor-widget-container\">\n\t\t\t\t\t<h2 class=\"elementor-heading-title elementor-size-default\">Nous Contacter<\/h2>\t\t\t\t<\/div>\n\t\t\t\t<\/div>\n\t\t<div class=\"elementor-element elementor-element-08a2ca4 e-grid e-con-full e-con e-child\" data-id=\"08a2ca4\" data-element_type=\"container\">\n\t\t<div class=\"elementor-element elementor-element-0b44997 e-con-full e-flex e-con e-child\" data-id=\"0b44997\" data-element_type=\"container\" data-settings=\"{&quot;background_background&quot;:&quot;classic&quot;}\">\n\t\t\t\t<div class=\"elementor-element elementor-element-bcad4b4 elementor-widget elementor-widget-image\" data-id=\"bcad4b4\" data-element_type=\"widget\" data-widget_type=\"image.default\">\n\t\t\t\t<div class=\"elementor-widget-container\">\n\t\t\t\t\t\t\t\t\t\t\t\t\t\t\t<img loading=\"lazy\" decoding=\"async\" width=\"750\" height=\"563\" src=\"https:\/\/brasserie-wonderland.fr\/wp-content\/uploads\/2025\/03\/IMG_20250302_145625-1024x768.jpg\" class=\"attachment-large size-large wp-image-554\" alt=\"\" srcset=\"https:\/\/brasserie-wonderland.fr\/wp-content\/uploads\/2025\/03\/IMG_20250302_145625-1024x768.jpg 1024w, https:\/\/brasserie-wonderland.fr\/wp-content\/uploads\/2025\/03\/IMG_20250302_145625-300x225.jpg 300w, https:\/\/brasserie-wonderland.fr\/wp-content\/uploads\/2025\/03\/IMG_20250302_145625-768x576.jpg 768w, https:\/\/brasserie-wonderland.fr\/wp-content\/uploads\/2025\/03\/IMG_20250302_145625-1536x1152.jpg 1536w, https:\/\/brasserie-wonderland.fr\/wp-content\/uploads\/2025\/03\/IMG_20250302_145625-2048x1536.jpg 2048w\" sizes=\"(max-width: 750px) 100vw, 750px\" \/>\t\t\t\t\t\t\t\t\t\t\t\t\t\t\t<\/div>\n\t\t\t\t<\/div>\n\t\t\t\t<\/div>\n\t\t<div class=\"elementor-element elementor-element-a9134a8 e-grid e-con-full e-con e-child\" data-id=\"a9134a8\" data-element_type=\"container\" data-settings=\"{&quot;background_background&quot;:&quot;classic&quot;}\">\n\t\t\t\t<div class=\"elementor-element elementor-element-c2e28e0 elementor-widget elementor-widget-image\" data-id=\"c2e28e0\" data-element_type=\"widget\" data-widget_type=\"image.default\">\n\t\t\t\t<div class=\"elementor-widget-container\">\n\t\t\t\t\t\t\t\t\t\t\t\t\t\t\t<img loading=\"lazy\" decoding=\"async\" width=\"150\" height=\"150\" src=\"https:\/\/brasserie-wonderland.fr\/wp-content\/uploads\/2025\/03\/logo-150x150.jpg\" class=\"attachment-thumbnail size-thumbnail wp-image-556\" alt=\"\" srcset=\"https:\/\/brasserie-wonderland.fr\/wp-content\/uploads\/2025\/03\/logo-150x150.jpg 150w, https:\/\/brasserie-wonderland.fr\/wp-content\/uploads\/2025\/03\/logo-300x300.jpg 300w, https:\/\/brasserie-wonderland.fr\/wp-content\/uploads\/2025\/03\/logo-768x768.jpg 768w, https:\/\/brasserie-wonderland.fr\/wp-content\/uploads\/2025\/03\/logo.jpg 1024w\" sizes=\"(max-width: 150px) 100vw, 150px\" \/>\t\t\t\t\t\t\t\t\t\t\t\t\t\t\t<\/div>\n\t\t\t\t<\/div>\n\t\t\t\t<div class=\"elementor-element elementor-element-31b8a54 elementor-widget elementor-widget-text-editor\" data-id=\"31b8a54\" data-element_type=\"widget\" data-widget_type=\"text-editor.default\">\n\t\t\t\t<div class=\"elementor-widget-container\">\n\t\t\t\t\t\t\t\t\t<p><strong>Brasserie Wonderland<\/strong><\/p><p><strong>11 route de Croth &#8211; 28260 Sorel-Moussel<\/strong><\/p><p><strong>06 25 32 82 92 &#8211; contact@brasserie-wonderland.fr<\/strong><\/p>\t\t\t\t\t\t\t\t<\/div>\n\t\t\t\t<\/div>\n\t\t\t\t<\/div>\n\t\t\t\t<\/div>\n\t\t\t\t\t<\/div>\n\t\t\t\t<\/div>\n\t\t\t\t<\/div>\n\t\t","protected":false},"excerpt":{"rendered":"<p>Nous contacter Location de tireuse Nos bi\u00e8res Bienvenue au Pays des Merveilles houblonn\u00e9es Bi\u00e8res artisanales brass\u00e9es avec curiosit\u00e9 et malice D\u00e9couvrir nos bi\u00e8res Nos Bi\u00e8res Sorties du Terrier Cheshire HOP Une bi\u00e8re IPA malicieusement florale &#8230; 5,6% vol. Amertume douce, finale fruit\u00e9e White Rabbit Une bi\u00e8re blanche l\u00e9g\u00e8re et vive [&hellip;]<\/p>\n","protected":false},"author":1,"featured_media":0,"parent":0,"menu_order":0,"comment_status":"closed","ping_status":"closed","template":"page-templates\/template-pagebuilder-full-width.php","meta":{"footnotes":""},"class_list":["post-386","page","type-page","status-publish","hentry"],"_links":{"self":[{"href":"https:\/\/brasserie-wonderland.fr\/index.php\/wp-json\/wp\/v2\/pages\/386","targetHints":{"allow":["GET"]}}],"collection":[{"href":"https:\/\/brasserie-wonderland.fr\/index.php\/wp-json\/wp\/v2\/pages"}],"about":[{"href":"https:\/\/brasserie-wonderland.fr\/index.php\/wp-json\/wp\/v2\/types\/page"}],"author":[{"embeddable":true,"href":"https:\/\/brasserie-wonderland.fr\/index.php\/wp-json\/wp\/v2\/users\/1"}],"replies":[{"embeddable":true,"href":"https:\/\/brasserie-wonderland.fr\/index.php\/wp-json\/wp\/v2\/comments?post=386"}],"version-history":[{"count":94,"href":"https:\/\/brasserie-wonderland.fr\/index.php\/wp-json\/wp\/v2\/pages\/386\/revisions"}],"predecessor-version":[{"id":578,"href":"https:\/\/brasserie-wonderland.fr\/index.php\/wp-json\/wp\/v2\/pages\/386\/revisions\/578"}],"wp:attachment":[{"href":"https:\/\/brasserie-wonderland.fr\/index.php\/wp-json\/wp\/v2\/media?parent=386"}],"curies":[{"name":"wp","href":"https:\/\/api.w.org\/{rel}","templated":true}]}}